{"id":19,"date":"2025-01-27T08:52:32","date_gmt":"2025-01-27T07:52:32","guid":{"rendered":"https:\/\/oceandrivejetski.com\/?page_id=19"},"modified":"2025-04-10T19:47:06","modified_gmt":"2025-04-10T17:47:06","slug":"accesibilidad","status":"publish","type":"page","link":"https:\/\/oceandrivejetski.com\/en\/accesibilidad\/","title":{"rendered":"Accessibility"},"content":{"rendered":"<style>.elementor-19 .elementor-element.elementor-element-3224cda{--display:flex;--flex-direction:column;--container-widget-width:100%;--container-widget-height:initial;--container-widget-flex-grow:0;--container-widget-align-self:initial;--flex-wrap-mobile:wrap;--margin-top:60px;--margin-bottom:120px;--margin-left:0px;--margin-right:0px;}.elementor-19 .elementor-element.elementor-element-dd4801d .elementor-heading-title{font-size:56px;}@media(max-width:1024px){.elementor-19 .elementor-element.elementor-element-dd4801d .elementor-heading-title{font-size:46px;}}@media(max-width:767px){.elementor-19 .elementor-element.elementor-element-dd4801d .elementor-heading-title{font-size:24px;}}<\/style>\t\t<div data-elementor-type=\"wp-page\" data-elementor-id=\"19\" class=\"elementor elementor-19\" data-elementor-settings=\"{&quot;ha_cmc_init_switcher&quot;:&quot;no&quot;}\" data-elementor-post-type=\"page\">\n\t\t\t\t<div class=\"elementor-element elementor-element-3224cda e-flex e-con-boxed e-con e-parent\" data-id=\"3224cda\" data-element_type=\"container\" data-e-type=\"container\" data-settings=\"{&quot;_ha_eqh_enable&quot;:false}\">\n\t\t\t\t\t<div class=\"e-con-inner\">\n\t\t\t\t<div class=\"elementor-element elementor-element-dd4801d elementor-widget elementor-widget-heading\" data-id=\"dd4801d\" data-element_type=\"widget\" data-e-type=\"widget\" data-widget_type=\"heading.default\">\n\t\t\t\t<div class=\"elementor-widget-container\">\n\t\t\t\t\t<h1 class=\"elementor-heading-title elementor-size-default\">Accesibilidad<\/h1>\t\t\t\t<\/div>\n\t\t\t\t<\/div>\n\t\t\t\t<div class=\"elementor-element elementor-element-0630a4f elementor-widget elementor-widget-text-editor\" data-id=\"0630a4f\" data-element_type=\"widget\" data-e-type=\"widget\" data-widget_type=\"text-editor.default\">\n\t\t\t\t<div class=\"elementor-widget-container\">\n\t\t\t\t\t\t\t\t\t<h3><span style=\"font-weight: 400;\">TEXTO DE ACCESIBILIDAD<\/span><\/h3><p><span style=\"font-weight: 400;\">Declaraci\u00f3n de accesibilidad El propietario del sitio web se ha comprometido en hacer accesible su sitio web de conformidad con el Real Decreto 1112\/2018, de 7 de septiembre, sobre accesibilidad de los sitios web y aplicaciones para dispositivos m\u00f3viles del sector p\u00fablico (en adelante, Real Decreto 1112\/2018, de 7 de septiembre), por el que se traspone la Directiva (UE) 2016\/2102 del Parlamento Europeo y del Consejo, de 26 de octubre de 2016. La presente declaraci\u00f3n aplica a este sitio web. Situaci\u00f3n de cumplimiento Este sitio web es parcialmente conforme con el Real Decreto 1112\/2018, de 7 de septiembre a causa de las excepciones y la falta de conformidad de los aspectos que se indican a continuaci\u00f3n. Contenido no accesible El contenido que es recoge a continuaci\u00f3n no es accesible por los siguientes motivos: Falta de conformidad con el Real Decreto 1112\/2018, de 7 de septiembre:<\/span><\/p><ol><li style=\"font-weight: 400;\" aria-level=\"1\"><span style=\"font-weight: 400;\">Algunas im\u00e1genes no est\u00e1n etiquetadas o tienen una alternativa textual gen\u00e9rica [requisito n\u00famero 9.1.1.1 de la norma UNE-EN 301549:2019 Contenido no textual]<\/span><\/li><li style=\"font-weight: 400;\" aria-level=\"1\"><span style=\"font-weight: 400;\">Algunos v\u00eddeos grabados pueden no contener subt\u00edtulos [requisito n\u00famero 9.1.2.2 de la norma UNE-EN 301549:2019 subt\u00edtulos (grabados)]<\/span><\/li><li style=\"font-weight: 400;\" aria-level=\"1\"><span style=\"font-weight: 400;\">Algunos videos pregrabados en el sitio web no disponen de audio descripci\u00f3n o medios alternativos [requisitos n\u00famero 9.1.2.5 y 9.1.2.3 de la norma UNE-EN 301549:2019 Audio descripci\u00f3n o medios alternativos (grabado)]<\/span><\/li><li style=\"font-weight: 400;\" aria-level=\"1\"><span style=\"font-weight: 400;\">En algunas p\u00e1ginas la informaci\u00f3n, estructura y relaciones no est\u00e1n determinadas por software o no tienen alternativa como texto. [requisito n\u00famero 9.1.3.1 de la UNE-EN 301549:2019 de informaci\u00f3n y relaciones.<\/span><\/li><li style=\"font-weight: 400;\" aria-level=\"1\"><span style=\"font-weight: 400;\">En algunas p\u00e1ginas se ha utilizado el color como \u00fanico medio visual para transmitir informaci\u00f3n, indicar una acci\u00f3n, provocar una respuesta o distinguir un elemento visual [requisito n\u00famero 9.1.4.1 de la norma UNE-EN 301549:2019 uso del color]<\/span><\/li><li style=\"font-weight: 400;\" aria-level=\"1\"><span style=\"font-weight: 400;\">En algunas p\u00e1ginas puede haber atributos e identificadores duplicados [requisito n\u00famero 9.4.1.1 de la norma UNE-EN 301549:2019 procesamiento]<\/span><\/li><li style=\"font-weight: 400;\" aria-level=\"1\"><span style=\"font-weight: 400;\">En algunas p\u00e1ginas los componentes de interfaz de usuario como elementos de formulario, enlaces y componentes generados por script no siguen la estructura recomendada por las pautas de accesibilidad [requisito n\u00famero 9.4.1.2 de la norma UNE-EN 301549:2019 Nombre, funci\u00f3n, valor]<\/span><\/li><li style=\"font-weight: 400;\" aria-level=\"1\"><span style=\"font-weight: 400;\">En algunos formularios el campo de entrada que recopila informaci\u00f3n sobre el usuario no tiene identificado el prop\u00f3sito [requisito n\u00famero 9.1.3.5 de la norma UNE-EN 301549:2019 identificaci\u00f3n del prop\u00f3sito de entrada]<\/span><\/li><li style=\"font-weight: 400;\" aria-level=\"1\"><span style=\"font-weight: 400;\">En algunas p\u00e1ginas la relaci\u00f3n de contraste en texto o im\u00e1genes podr\u00eda no ser de al menos 4.5:1 [requisito n\u00famero 9.1.4.3 de la norma UNE-EN 301549:2019 contraste m\u00ednimo]<\/span><\/li><li style=\"font-weight: 400;\" aria-level=\"1\"><span style=\"font-weight: 400;\">En algunas p\u00e1ginas el contraste de los componentes de interfaz de usuario y de objetos gr\u00e1ficos podr\u00eda no llegar al 3:1 con los colores adyacentes [requisito n\u00famero 9.1.4.11 de la norma UNE-EN 301549:2019 contraste no textual]<\/span><\/li><li style=\"font-weight: 400;\" aria-level=\"1\"><span style=\"font-weight: 400;\">De manera puntual podr\u00eda existir alg\u00fan error de entrada en alg\u00fan campo\/formulario\u00a0 del que no se notificase al usuario la sugerencia para solucionarlo\u00a0 [requisito n\u00famero 9.3.3.3 de la norma UNE-EN 301549:2019 Sugerencia ante errores]<\/span><\/li><li style=\"font-weight: 400;\" aria-level=\"1\"><span style=\"font-weight: 400;\">En algunas p\u00e1ginas los mensajes de estado podr\u00edan no estar determinados mediante programaci\u00f3n a trav\u00e9s de funciones o propiedades [requisito n\u00famero 9.4.1.3 de la norma UNE-EN 301549:2019 mensajes de estado]<\/span><\/li><\/ol><p><span style=\"font-weight: 400;\">Carga desproporcionada No aplica El contenido no entra dentro del \u00e1mbito de la legislaci\u00f3n aplicable<\/span><\/p><ol><li style=\"font-weight: 400;\" aria-level=\"1\"><span style=\"font-weight: 400;\">Podr\u00edan existir archivos ofim\u00e1ticos en PDF o otros formatos publicados antes del 20 de septiembre de 2018 que no cumplen \u00edntegramente todos los requisitos de accesibilidad.<\/span><\/li><\/ol><p><span style=\"font-weight: 400;\">Observaciones y datos de contacto Se pueden realizar comunicaciones sobre requisitos de accesibilidad (art\u00edculo 10.2.a del Real Decreto 1112\/2018, de 7 de septiembre), a trav\u00e9s del formulario de contacto, por ejemplo:<\/span><\/p><ul><li style=\"font-weight: 400;\" aria-level=\"1\"><span style=\"font-weight: 400;\">Informar sobre cualquier posible incumplimiento por parte de este sitio web<\/span><\/li><li style=\"font-weight: 400;\" aria-level=\"1\"><span style=\"font-weight: 400;\">Transmitir otras dificultades de acceso al contenido<\/span><\/li><li style=\"font-weight: 400;\" aria-level=\"1\"><span style=\"font-weight: 400;\">Formular cualquier otra consulta o sugerencia de mejora relativa a la accesibilidad del sitio web.<\/span><\/li><\/ul><p><span style=\"font-weight: 400;\">Las comunicaciones ser\u00e1n recibidas y tratadas por la Unidad Responsable de Accesibilidad.<\/span><\/p>\t\t\t\t\t\t\t\t<\/div>\n\t\t\t\t<\/div>\n\t\t\t\t\t<\/div>\n\t\t\t\t<\/div>\n\t\t\t\t<\/div>\n\t\t","protected":false},"excerpt":{"rendered":"<p>TEXTO DE ACCESIBILIDAD Declaraci\u00f3n de accesibilidad El propietario del sitio web se ha comprometido en hacer accesible su sitio web de conformidad con el Real Decreto 1112\/2018, de 7 de septiembre, sobre accesibilidad de los sitios web y aplicaciones para dispositivos m\u00f3viles del sector p\u00fablico (en adelante, Real Decreto 1112\/2018, de 7 de septiembre), por [&hellip;]<\/p>\n","protected":false},"author":2,"featured_media":0,"parent":0,"menu_order":0,"comment_status":"closed","ping_status":"open","template":"elementor_header_footer","meta":{"_joinchat":[],"footnotes":""},"class_list":["post-19","page","type-page","status-publish","hentry"],"yoast_head":"<!-- This site is optimized with the Yoast SEO plugin v27.3 - https:\/\/yoast.com\/product\/yoast-seo-wordpress\/ -->\n<title>Accesibilidad - Ocean Drive Jetski<\/title>\n<meta name=\"robots\" content=\"noindex, follow\" \/>\n<meta property=\"og:locale\" content=\"en_US\" \/>\n<meta property=\"og:type\" content=\"article\" \/>\n<meta property=\"og:title\" content=\"Accesibilidad - Ocean Drive Jetski\" \/>\n<meta property=\"og:description\" content=\"TEXTO DE ACCESIBILIDAD Declaraci\u00f3n de accesibilidad El propietario del sitio web se ha comprometido en hacer accesible su sitio web de conformidad con el Real Decreto 1112\/2018, de 7 de septiembre, sobre accesibilidad de los sitios web y aplicaciones para dispositivos m\u00f3viles del sector p\u00fablico (en adelante, Real Decreto 1112\/2018, de 7 de septiembre), por [&hellip;]\" \/>\n<meta property=\"og:url\" content=\"https:\/\/oceandrivejetski.com\/en\/accesibilidad\/\" \/>\n<meta property=\"og:site_name\" content=\"Ocean Drive Jetski\" \/>\n<meta property=\"article:modified_time\" content=\"2025-04-10T17:47:06+00:00\" \/>\n<meta name=\"twitter:card\" content=\"summary_large_image\" \/>\n<meta name=\"twitter:label1\" content=\"Est. reading time\" \/>\n\t<meta name=\"twitter:data1\" content=\"1 minute\" \/>\n<script type=\"application\/ld+json\" class=\"yoast-schema-graph\">{\"@context\":\"https:\\\/\\\/schema.org\",\"@graph\":[{\"@type\":\"WebPage\",\"@id\":\"https:\\\/\\\/oceandrivejetski.com\\\/accesibilidad\\\/\",\"url\":\"https:\\\/\\\/oceandrivejetski.com\\\/accesibilidad\\\/\",\"name\":\"Accesibilidad - Ocean Drive Jetski\",\"isPartOf\":{\"@id\":\"https:\\\/\\\/oceandrivejetski.com\\\/#website\"},\"datePublished\":\"2025-01-27T07:52:32+00:00\",\"dateModified\":\"2025-04-10T17:47:06+00:00\",\"breadcrumb\":{\"@id\":\"https:\\\/\\\/oceandrivejetski.com\\\/accesibilidad\\\/#breadcrumb\"},\"inLanguage\":\"en-US\",\"potentialAction\":[{\"@type\":\"ReadAction\",\"target\":[\"https:\\\/\\\/oceandrivejetski.com\\\/accesibilidad\\\/\"]}]},{\"@type\":\"BreadcrumbList\",\"@id\":\"https:\\\/\\\/oceandrivejetski.com\\\/accesibilidad\\\/#breadcrumb\",\"itemListElement\":[{\"@type\":\"ListItem\",\"position\":1,\"name\":\"Portada\",\"item\":\"https:\\\/\\\/oceandrivejetski.com\\\/\"},{\"@type\":\"ListItem\",\"position\":2,\"name\":\"Accesibilidad\"}]},{\"@type\":\"WebSite\",\"@id\":\"https:\\\/\\\/oceandrivejetski.com\\\/#website\",\"url\":\"https:\\\/\\\/oceandrivejetski.com\\\/\",\"name\":\"Ocean Drive Jetski\",\"description\":\"Alquiler de motos de agua en Santa Eulalia del Rio\",\"potentialAction\":[{\"@type\":\"SearchAction\",\"target\":{\"@type\":\"EntryPoint\",\"urlTemplate\":\"https:\\\/\\\/oceandrivejetski.com\\\/?s={search_term_string}\"},\"query-input\":{\"@type\":\"PropertyValueSpecification\",\"valueRequired\":true,\"valueName\":\"search_term_string\"}}],\"inLanguage\":\"en-US\"}]}<\/script>\n<!-- \/ Yoast SEO plugin. -->","yoast_head_json":{"title":"Accesibilidad - Ocean Drive Jetski","robots":{"index":"noindex","follow":"follow"},"og_locale":"en_US","og_type":"article","og_title":"Accesibilidad - Ocean Drive Jetski","og_description":"TEXTO DE ACCESIBILIDAD Declaraci\u00f3n de accesibilidad El propietario del sitio web se ha comprometido en hacer accesible su sitio web de conformidad con el Real Decreto 1112\/2018, de 7 de septiembre, sobre accesibilidad de los sitios web y aplicaciones para dispositivos m\u00f3viles del sector p\u00fablico (en adelante, Real Decreto 1112\/2018, de 7 de septiembre), por [&hellip;]","og_url":"https:\/\/oceandrivejetski.com\/en\/accesibilidad\/","og_site_name":"Ocean Drive Jetski","article_modified_time":"2025-04-10T17:47:06+00:00","twitter_card":"summary_large_image","twitter_misc":{"Est. reading time":"1 minute"},"schema":{"@context":"https:\/\/schema.org","@graph":[{"@type":"WebPage","@id":"https:\/\/oceandrivejetski.com\/accesibilidad\/","url":"https:\/\/oceandrivejetski.com\/accesibilidad\/","name":"Accesibilidad - Ocean Drive Jetski","isPartOf":{"@id":"https:\/\/oceandrivejetski.com\/#website"},"datePublished":"2025-01-27T07:52:32+00:00","dateModified":"2025-04-10T17:47:06+00:00","breadcrumb":{"@id":"https:\/\/oceandrivejetski.com\/accesibilidad\/#breadcrumb"},"inLanguage":"en-US","potentialAction":[{"@type":"ReadAction","target":["https:\/\/oceandrivejetski.com\/accesibilidad\/"]}]},{"@type":"BreadcrumbList","@id":"https:\/\/oceandrivejetski.com\/accesibilidad\/#breadcrumb","itemListElement":[{"@type":"ListItem","position":1,"name":"Portada","item":"https:\/\/oceandrivejetski.com\/"},{"@type":"ListItem","position":2,"name":"Accesibilidad"}]},{"@type":"WebSite","@id":"https:\/\/oceandrivejetski.com\/#website","url":"https:\/\/oceandrivejetski.com\/","name":"Ocean Drive Jetski","description":"Rental of jet skis in Santa Eulalia del Rio","potentialAction":[{"@type":"SearchAction","target":{"@type":"EntryPoint","urlTemplate":"https:\/\/oceandrivejetski.com\/?s={search_term_string}"},"query-input":{"@type":"PropertyValueSpecification","valueRequired":true,"valueName":"search_term_string"}}],"inLanguage":"en-US"}]}},"_links":{"self":[{"href":"https:\/\/oceandrivejetski.com\/en\/wp-json\/wp\/v2\/pages\/19","targetHints":{"allow":["GET"]}}],"collection":[{"href":"https:\/\/oceandrivejetski.com\/en\/wp-json\/wp\/v2\/pages"}],"about":[{"href":"https:\/\/oceandrivejetski.com\/en\/wp-json\/wp\/v2\/types\/page"}],"author":[{"embeddable":true,"href":"https:\/\/oceandrivejetski.com\/en\/wp-json\/wp\/v2\/users\/2"}],"replies":[{"embeddable":true,"href":"https:\/\/oceandrivejetski.com\/en\/wp-json\/wp\/v2\/comments?post=19"}],"version-history":[{"count":10,"href":"https:\/\/oceandrivejetski.com\/en\/wp-json\/wp\/v2\/pages\/19\/revisions"}],"predecessor-version":[{"id":535,"href":"https:\/\/oceandrivejetski.com\/en\/wp-json\/wp\/v2\/pages\/19\/revisions\/535"}],"wp:attachment":[{"href":"https:\/\/oceandrivejetski.com\/en\/wp-json\/wp\/v2\/media?parent=19"}],"curies":[{"name":"wp","href":"https:\/\/api.w.org\/{rel}","templated":true}]}}