{"id":18,"date":"2025-01-27T08:52:13","date_gmt":"2025-01-27T07:52:13","guid":{"rendered":"https:\/\/oceandrivejetski.com\/?page_id=18"},"modified":"2025-04-10T19:48:02","modified_gmt":"2025-04-10T17:48:02","slug":"cookies","status":"publish","type":"page","link":"https:\/\/oceandrivejetski.com\/en\/cookies\/","title":{"rendered":"Cookies policy"},"content":{"rendered":"<style>.elementor-18 .elementor-element.elementor-element-e4f1118{--display:flex;--flex-direction:column;--container-widget-width:100%;--container-widget-height:initial;--container-widget-flex-grow:0;--container-widget-align-self:initial;--flex-wrap-mobile:wrap;--margin-top:60px;--margin-bottom:120px;--margin-left:0px;--margin-right:0px;}.elementor-18 .elementor-element.elementor-element-b05e05a .elementor-heading-title{font-size:56px;}@media(max-width:1024px){.elementor-18 .elementor-element.elementor-element-b05e05a .elementor-heading-title{font-size:46px;}}@media(max-width:767px){.elementor-18 .elementor-element.elementor-element-b05e05a .elementor-heading-title{font-size:24px;}}\/* Start custom CSS for text-editor, class: .elementor-element-d9aabc2 *\/.elementor-18 .elementor-element.elementor-element-d9aabc2 span{\n    text-transform: capitalize;\n}\/* End custom CSS *\/<\/style>\t\t<div data-elementor-type=\"wp-page\" data-elementor-id=\"18\" class=\"elementor elementor-18\" data-elementor-settings=\"{&quot;ha_cmc_init_switcher&quot;:&quot;no&quot;}\" data-elementor-post-type=\"page\">\n\t\t\t\t<div class=\"elementor-element elementor-element-e4f1118 e-flex e-con-boxed e-con e-parent\" data-id=\"e4f1118\" data-element_type=\"container\" data-e-type=\"container\" data-settings=\"{&quot;_ha_eqh_enable&quot;:false}\">\n\t\t\t\t\t<div class=\"e-con-inner\">\n\t\t\t\t<div class=\"elementor-element elementor-element-b05e05a elementor-widget elementor-widget-heading\" data-id=\"b05e05a\" data-element_type=\"widget\" data-e-type=\"widget\" data-widget_type=\"heading.default\">\n\t\t\t\t<div class=\"elementor-widget-container\">\n\t\t\t\t\t<h1 class=\"elementor-heading-title elementor-size-default\">Cookies policy<\/h1>\t\t\t\t<\/div>\n\t\t\t\t<\/div>\n\t\t\t\t<div class=\"elementor-element elementor-element-d9aabc2 elementor-widget elementor-widget-text-editor\" data-id=\"d9aabc2\" data-element_type=\"widget\" data-e-type=\"widget\" data-widget_type=\"text-editor.default\">\n\t\t\t\t<div class=\"elementor-widget-container\">\n\t\t\t\t\t\t\t\t\t<div class=\"row\"><div class=\"col-xl-10 mx-auto\"><div class=\"paper\"><header class=\"text-center\"><p>Access to this Website may involve the use of cookies. Cookies are small amounts of information which are stored in the browser used by each User \u2014in the different devices that can be used to navigate\u2014 so that the server remembers certain information that later and only the server that implemented it will read. Cookies facilitate navigation, make it more user-friendly, and they do not damage the navigation device.<\/p><\/header><div><p>Cookies are automatic procedures for collecting information related to the preferences determined by the User during your visit to the Web Site in order to recognise you as a User and personalize your experience and the use of the Website, and can also, for example, help identify and resolve errors.<\/p><p>The information collected through cookies may include the date and time of Website visits, the pages viewed, time has been on the Website, and the sites visited just before and just after the same. However, no cookie allows the same contact with the User&#039;s telephone number or any other means of personal contact. No cookie can extract information from the User&#039;s hard drive or steal personal information. The only way that the private information of a User forms part of the Cookie file is if the user personally gives that information to the server.<\/p><p>Cookies that enable you to identify a person are considered personal data. Therefore, the same will apply to the Privacy Policy, as described above. In this sense, for the use of the same will be necessary for the consent of the User. This consent will be communicated, on the basis of a choice of authentic, offered through an affirmative decision and positive, before the initial treatment, removable and documented.<\/p><div class=\"ng-hide\"><h4>First-party Cookies<\/h4><p>Are those cookies that are sent to the computer or the User&#039;s device and managed exclusively by <span class=\"blanc-space ng-binding\">Ocean Drive Jetski<\/span> for the best functioning of the Website. The information that is collected is used to improve the quality of the Web Site and its Content, and your experience as a User. These cookies allow us to recognize the User as a returning visitor to the Website and adapt the content to offer content that is tailored to your preferences.<\/p><\/div><div class=\"thirdCookies ng-hide\"><h4>Third party Cookies<\/h4><p>Are cookies used and managed by external entities that provide <span class=\"blanc-space ng-binding\">Ocean Drive Jetski<\/span> services requested by the same to improve the Website and the user experience when navigating the Website. The main objectives for which third party cookies are used are to obtain statistics on access and analyze the information of the navigation, that is to say, how the User interacts with the Website.<\/p><p>The information obtained refers, for example, the number of pages visited, the language, the place to which the IP address from which you accessed by the User, the number of Users, the frequency and recidivism of the visits, the visit time, the browser used, the operator or type of device from which the visit. This information is used to improve the Website, and detect new needs to offer Users a Content and\/or service of optimal quality. In any case, the information is collected in an anonymous form and are made reports Website trends without identifying individual users.<\/p><p>You can get more information about cookies, information privacy, or consult the description of the type of cookies used, their main characteristics, expiration period, etc in the following unit(s) link(s):<\/p><p class=\"text-wrap ng-binding\">\u00a0<\/p><p>The(s) institution(s) responsible(s) for the supply of cookies may(n) transfer this information to third parties, provided this is required by law or a third party to the processing of this information to such entities.<\/p><\/div><div class=\"\"><h4>Social networking Cookies<\/h4><p><span class=\"blanc-space ng-binding\">Ocean Drive Jetski<\/span> incorporates plug-ins of social networks, that allow you to access them from the Web Site. For this reason, the social networking cookies may be stored on the browser of the User. The owners of these social networks have their own data protection policies and cookies, being themselves, in each case, responsible for their own files and their own privacy practices. The User must refer to them to learn about these cookies and, if applicable, to the processing of your personal data. For informational purposes only following the links in which you can consult these privacy policies and\/or cookies:<\/p><ul><li>Facebook: <a class=\"text-info\" href=\"https:\/\/www.facebook.com\/policies\/cookies\/\">https:\/\/www.facebook.com\/policies\/cookies\/<\/a><\/li><li>Twitter: <a class=\"text-info\" href=\"https:\/\/twitter.com\/es\/privacy\">https:\/\/twitter.com\/es\/privacy<\/a><\/li><li>Instagram: <a class=\"text-info\" href=\"https:\/\/help.instagram.com\/1896641480634370?ref=ig\">https:\/\/help.instagram.com\/1896641480634370?ref=ig<\/a><\/li><li>YouTube: <a class=\"text-info\" href=\"https:\/\/policies.google.com\/privacy?hl=es-419&amp;gl=mx\">https:\/\/policies.google.com\/privacy?hl=es-419&amp;gl=mx<\/a><\/li><li>Pinterest: <a class=\"text-info\" href=\"https:\/\/policy.pinterest.com\/es\/privacy-policy\">https:\/\/policy.pinterest.com\/es\/privacy-policy<\/a><\/li><li>LinkedIn: <a class=\"text-info\" href=\"https:\/\/www.linkedin.com\/legal\/cookie-policy?trk=hp-cookies\">https:\/\/www.linkedin.com\/legal\/cookie-policy?trk=hp-cookies<\/a><\/li><\/ul><\/div><h4>To disable, reject and delete cookies<\/h4><p>The User can disable, reject and delete the cookies \u2014totally or partially\u2014 installed on your device through the settings on your browser (including, for example, Chrome, Firefox, Safari, Explorer). In this sense, the procedures for rejecting and deleting cookies may differ from one Internet browser to another. In consequence, the User should refer to the instructions provided by the Internet browser you are using. In case you reject the use of cookies \u2014totally or partially\u2014 you may continue to use the Website, although you may have limited the use of some of the benefits of the same.<\/p><\/div><\/div><\/div><\/div>\t\t\t\t\t\t\t\t<\/div>\n\t\t\t\t<\/div>\n\t\t\t\t\t<\/div>\n\t\t\t\t<\/div>\n\t\t\t\t<\/div>","protected":false},"excerpt":{"rendered":"<p>El acceso a este Sitio Web puede implicar la utilizaci\u00f3n de cookies. Las cookies son peque\u00f1as cantidades de informaci\u00f3n que se almacenan en el navegador utilizado por cada Usuario \u2014en los distintos dispositivos que pueda utilizar para navegar\u2014 para que el servidor recuerde cierta informaci\u00f3n que posteriormente y \u00fanicamente el servidor que la implement\u00f3 leer\u00e1. [&hellip;]<\/p>\n","protected":false},"author":2,"featured_media":0,"parent":0,"menu_order":0,"comment_status":"closed","ping_status":"open","template":"elementor_header_footer","meta":{"_joinchat":[],"footnotes":""},"class_list":["post-18","page","type-page","status-publish","hentry"],"yoast_head":"<!-- This site is optimized with the Yoast SEO plugin v27.3 - https:\/\/yoast.com\/product\/yoast-seo-wordpress\/ -->\n<title>Pol\u00edtica de cookies - Ocean Drive Jetski<\/title>\n<meta name=\"robots\" content=\"noindex, follow\" \/>\n<meta property=\"og:locale\" content=\"en_US\" \/>\n<meta property=\"og:type\" content=\"article\" \/>\n<meta property=\"og:title\" content=\"Pol\u00edtica de cookies - Ocean Drive Jetski\" \/>\n<meta property=\"og:description\" content=\"El acceso a este Sitio Web puede implicar la utilizaci\u00f3n de cookies. Las cookies son peque\u00f1as cantidades de informaci\u00f3n que se almacenan en el navegador utilizado por cada Usuario \u2014en los distintos dispositivos que pueda utilizar para navegar\u2014 para que el servidor recuerde cierta informaci\u00f3n que posteriormente y \u00fanicamente el servidor que la implement\u00f3 leer\u00e1. [&hellip;]\" \/>\n<meta property=\"og:url\" content=\"https:\/\/oceandrivejetski.com\/en\/cookies\/\" \/>\n<meta property=\"og:site_name\" content=\"Ocean Drive Jetski\" \/>\n<meta property=\"article:modified_time\" content=\"2025-04-10T17:48:02+00:00\" \/>\n<meta name=\"twitter:card\" content=\"summary_large_image\" \/>\n<meta name=\"twitter:label1\" content=\"Est. reading time\" \/>\n\t<meta name=\"twitter:data1\" content=\"4 minutes\" \/>\n<script type=\"application\/ld+json\" class=\"yoast-schema-graph\">{\"@context\":\"https:\\\/\\\/schema.org\",\"@graph\":[{\"@type\":\"WebPage\",\"@id\":\"https:\\\/\\\/oceandrivejetski.com\\\/cookies\\\/\",\"url\":\"https:\\\/\\\/oceandrivejetski.com\\\/cookies\\\/\",\"name\":\"Pol\u00edtica de cookies - Ocean Drive Jetski\",\"isPartOf\":{\"@id\":\"https:\\\/\\\/oceandrivejetski.com\\\/#website\"},\"datePublished\":\"2025-01-27T07:52:13+00:00\",\"dateModified\":\"2025-04-10T17:48:02+00:00\",\"breadcrumb\":{\"@id\":\"https:\\\/\\\/oceandrivejetski.com\\\/cookies\\\/#breadcrumb\"},\"inLanguage\":\"en-US\",\"potentialAction\":[{\"@type\":\"ReadAction\",\"target\":[\"https:\\\/\\\/oceandrivejetski.com\\\/cookies\\\/\"]}]},{\"@type\":\"BreadcrumbList\",\"@id\":\"https:\\\/\\\/oceandrivejetski.com\\\/cookies\\\/#breadcrumb\",\"itemListElement\":[{\"@type\":\"ListItem\",\"position\":1,\"name\":\"Portada\",\"item\":\"https:\\\/\\\/oceandrivejetski.com\\\/\"},{\"@type\":\"ListItem\",\"position\":2,\"name\":\"Pol\u00edtica de cookies\"}]},{\"@type\":\"WebSite\",\"@id\":\"https:\\\/\\\/oceandrivejetski.com\\\/#website\",\"url\":\"https:\\\/\\\/oceandrivejetski.com\\\/\",\"name\":\"Ocean Drive Jetski\",\"description\":\"Alquiler de motos de agua en Santa Eulalia del Rio\",\"potentialAction\":[{\"@type\":\"SearchAction\",\"target\":{\"@type\":\"EntryPoint\",\"urlTemplate\":\"https:\\\/\\\/oceandrivejetski.com\\\/?s={search_term_string}\"},\"query-input\":{\"@type\":\"PropertyValueSpecification\",\"valueRequired\":true,\"valueName\":\"search_term_string\"}}],\"inLanguage\":\"en-US\"}]}<\/script>\n<!-- \/ Yoast SEO plugin. -->","yoast_head_json":{"title":"Pol\u00edtica de cookies - Ocean Drive Jetski","robots":{"index":"noindex","follow":"follow"},"og_locale":"en_US","og_type":"article","og_title":"Pol\u00edtica de cookies - Ocean Drive Jetski","og_description":"El acceso a este Sitio Web puede implicar la utilizaci\u00f3n de cookies. Las cookies son peque\u00f1as cantidades de informaci\u00f3n que se almacenan en el navegador utilizado por cada Usuario \u2014en los distintos dispositivos que pueda utilizar para navegar\u2014 para que el servidor recuerde cierta informaci\u00f3n que posteriormente y \u00fanicamente el servidor que la implement\u00f3 leer\u00e1. [&hellip;]","og_url":"https:\/\/oceandrivejetski.com\/en\/cookies\/","og_site_name":"Ocean Drive Jetski","article_modified_time":"2025-04-10T17:48:02+00:00","twitter_card":"summary_large_image","twitter_misc":{"Est. reading time":"4 minutes"},"schema":{"@context":"https:\/\/schema.org","@graph":[{"@type":"WebPage","@id":"https:\/\/oceandrivejetski.com\/cookies\/","url":"https:\/\/oceandrivejetski.com\/cookies\/","name":"Pol\u00edtica de cookies - Ocean Drive Jetski","isPartOf":{"@id":"https:\/\/oceandrivejetski.com\/#website"},"datePublished":"2025-01-27T07:52:13+00:00","dateModified":"2025-04-10T17:48:02+00:00","breadcrumb":{"@id":"https:\/\/oceandrivejetski.com\/cookies\/#breadcrumb"},"inLanguage":"en-US","potentialAction":[{"@type":"ReadAction","target":["https:\/\/oceandrivejetski.com\/cookies\/"]}]},{"@type":"BreadcrumbList","@id":"https:\/\/oceandrivejetski.com\/cookies\/#breadcrumb","itemListElement":[{"@type":"ListItem","position":1,"name":"Portada","item":"https:\/\/oceandrivejetski.com\/"},{"@type":"ListItem","position":2,"name":"Pol\u00edtica de cookies"}]},{"@type":"WebSite","@id":"https:\/\/oceandrivejetski.com\/#website","url":"https:\/\/oceandrivejetski.com\/","name":"Ocean Drive Jetski","description":"Rental of jet skis in Santa Eulalia del Rio","potentialAction":[{"@type":"SearchAction","target":{"@type":"EntryPoint","urlTemplate":"https:\/\/oceandrivejetski.com\/?s={search_term_string}"},"query-input":{"@type":"PropertyValueSpecification","valueRequired":true,"valueName":"search_term_string"}}],"inLanguage":"en-US"}]}},"_links":{"self":[{"href":"https:\/\/oceandrivejetski.com\/en\/wp-json\/wp\/v2\/pages\/18","targetHints":{"allow":["GET"]}}],"collection":[{"href":"https:\/\/oceandrivejetski.com\/en\/wp-json\/wp\/v2\/pages"}],"about":[{"href":"https:\/\/oceandrivejetski.com\/en\/wp-json\/wp\/v2\/types\/page"}],"author":[{"embeddable":true,"href":"https:\/\/oceandrivejetski.com\/en\/wp-json\/wp\/v2\/users\/2"}],"replies":[{"embeddable":true,"href":"https:\/\/oceandrivejetski.com\/en\/wp-json\/wp\/v2\/comments?post=18"}],"version-history":[{"count":11,"href":"https:\/\/oceandrivejetski.com\/en\/wp-json\/wp\/v2\/pages\/18\/revisions"}],"predecessor-version":[{"id":538,"href":"https:\/\/oceandrivejetski.com\/en\/wp-json\/wp\/v2\/pages\/18\/revisions\/538"}],"wp:attachment":[{"href":"https:\/\/oceandrivejetski.com\/en\/wp-json\/wp\/v2\/media?parent=18"}],"curies":[{"name":"wp","href":"https:\/\/api.w.org\/{rel}","templated":true}]}}